{"id":16,"date":"2019-05-18T21:36:06","date_gmt":"2019-05-18T19:36:06","guid":{"rendered":"https:\/\/blogs.sindominio.net\/etcetera\/?page_id=16"},"modified":"2020-04-25T13:07:05","modified_gmt":"2020-04-25T11:07:05","slug":"critica-de-la-politica","status":"publish","type":"page","link":"https:\/\/sindominio.net\/etcetera\/critica-de-la-politica\/","title":{"rendered":"Colecci\u00f3n Cr\u00edtica (1976-1979)"},"content":{"rendered":"\n<p>En sus tres modalidades, Cr\u00edtica de la Pol\u00edtica, Historia Cr\u00edtica, Cr\u00edtica de la vida cotidiana, queremos dar a conocer una serie de materiales cr\u00edticos del modo de vida capitalista.<\/p>\n\n\n\n<figure class=\"wp-block-table\"><table class=\"\"><tbody><tr><td><strong>Colecci\u00f3n<\/strong><\/td><td><strong>T\u00edtulo<\/strong><\/td><td><strong>Autor<\/strong><\/td><\/tr><tr><td>cr\u00edtica de la pol\u00edtica<\/td><td><a href=\"https:\/\/sindominio.net\/etcetera\/files\/Glosas-cr\u00edticas.pdf\">Glosas cr\u00edticas marginales al art\u00edculo:\u00bbEl rey de Prusia y la reforma social. Por un prusiano\u00bb<\/a><\/td><td>Karl Marx<\/td><\/tr><tr><td>cr\u00edtica de la pol\u00edtica<\/td><td><a href=\"https:\/\/sindominio.net\/etcetera\/files\/Un-mundo-sin-dinero-1.pdf\">Un mundo sin dinero: El comunismo (1)<\/a><\/td><td>Les amis de 4 millions de jeunes travailleurs<\/td><\/tr><tr><td>cr\u00edtica de la pol\u00edtica<\/td><td><a href=\"https:\/\/sindominio.net\/etcetera\/files\/Unmundosindinero2.pdf\">Un mundo sin dinero: El comunismo (2)<\/a><\/td><td>Les amis de 4 millions de jeunes travailleurs<\/td><\/tr><tr><td>cr\u00edtica de la pol\u00edtica<\/td><td><a href=\"https:\/\/sindominio.net\/etcetera\/files\/La-ilusi\u00f3n-democr\u00e1tica.pdf\">La ilusi\u00f3n Democr\u00e1tica<\/a><\/td><td>Amadeo Bordiga<\/td><\/tr><tr><td>cr\u00edtica de la pol\u00edtica<\/td><td><a href=\"https:\/\/sindominio.net\/etcetera\/files\/critica_el_estado_visto_por_k_marx.pdf\">El Estado visto por Karl Marx<\/a><\/td><td>Maximilien Rubel<\/td><\/tr><tr><td>cr\u00edtica de la pol\u00edtica<\/td><td><a href=\"https:\/\/sindominio.net\/etcetera\/files\/Rubel_M_y_Janover_Louis_Marx_anarquista.pdf\">Marx anarquista<\/a><\/td><td>Maximilien Rubel, Louis Janover<\/td><\/tr><tr><td>cr\u00edtica de la pol\u00edtica<\/td><td><a href=\"https:\/\/sindominio.net\/etcetera\/files\/critica_LA_BOETIE.pdf\">Sobre la servidumbre voluntaria<\/a><\/td><td>La Bo\u00e9tie<\/td><\/tr><tr><td>cr\u00edtica de la pol\u00edtica<\/td><td><a href=\"https:\/\/sindominio.net\/etcetera\/files\/C\u00f3digo-de-la-Comunidad-1.pdf\">C\u00f3digo de la comunidad (1<\/a>)<\/td><td>Th. Dezamy<\/td><\/tr><tr><td>cr\u00edtica de la pol\u00edtica<\/td><td><a href=\"https:\/\/sindominio.net\/etcetera\/files\/critica_codigo_comunidad_2.pdf\">C\u00f3digo de la comunidad (2)<\/a><\/td><td>Th. Dezamy<\/td><\/tr><tr><td>cr\u00edtica de la pol\u00edtica<\/td><td><a href=\"https:\/\/sindominio.net\/etcetera\/files\/critica_la_comunidad.pdf\">La Comunidad<\/a><\/td><td>Raoul Bremond<\/td><\/tr><tr><td>cr\u00edtica de la pol\u00edtica<\/td><td><a href=\"https:\/\/sindominio.net\/etcetera\/files\/apuntesautonomia-comprimido.pdf\">Apuntes sobre la autonomia obrera<\/a><\/td><td>Varios autores<\/td><\/tr><tr><td>cr\u00edtica de la vida cotidiana<\/td><td><a href=\"https:\/\/sindominio.net\/etcetera\/files\/critica_sobre_la_delincuencia.pdf\">Sobre la delincuencia<\/a><\/td><td>Colectivo Margen<\/td><\/tr><tr><td>historia cr\u00edtica<\/td><td><a href=\"https:\/\/sindominio.net\/etcetera\/files\/critica_Bilan.pdf\">\u00abBilan\u201d Textos sobre la revoluci\u00f3n espa\u00f1ola 1936-38<\/a><\/td><td>Peri\u00f3dico<\/td><\/tr><tr><td>historia cr\u00edtica<\/td><td>Los amigos de Durruti (facs\u00edmil)<\/td><td>Peri\u00f3dico<\/td><\/tr><\/tbody><\/table><\/figure>\n","protected":false},"excerpt":{"rendered":"<p>En sus tres modalidades, Cr\u00edtica de la Pol\u00edtica, Historia Cr\u00edtica, Cr\u00edtica de la vida cotidiana, queremos dar a conocer una serie de materiales cr\u00edticos del modo de vida capitalista. Colecci\u00f3n T\u00edtulo Autor cr\u00edtica de la pol\u00edtica Glosas cr\u00edticas marginales al art\u00edculo:\u00bbEl rey de Prusia y la reforma social. Por un prusiano\u00bb Karl Marx cr\u00edtica de &#8230; <a title=\"Colecci\u00f3n Cr\u00edtica (1976-1979)\" class=\"read-more\" href=\"https:\/\/sindominio.net\/etcetera\/critica-de-la-politica\/\" aria-label=\"Leer m\u00e1s sobre Colecci\u00f3n Cr\u00edtica (1976-1979)\">Leer m\u00e1s<\/a><\/p>\n","protected":false},"author":173,"featured_media":0,"parent":0,"menu_order":0,"comment_status":"closed","ping_status":"closed","template":"","meta":{"footnotes":""},"class_list":["post-16","page","type-page","status-publish"],"_links":{"self":[{"href":"https:\/\/sindominio.net\/etcetera\/wp-json\/wp\/v2\/pages\/16","targetHints":{"allow":["GET"]}}],"collection":[{"href":"https:\/\/sindominio.net\/etcetera\/wp-json\/wp\/v2\/pages"}],"about":[{"href":"https:\/\/sindominio.net\/etcetera\/wp-json\/wp\/v2\/types\/page"}],"author":[{"embeddable":true,"href":"https:\/\/sindominio.net\/etcetera\/wp-json\/wp\/v2\/users\/173"}],"replies":[{"embeddable":true,"href":"https:\/\/sindominio.net\/etcetera\/wp-json\/wp\/v2\/comments?post=16"}],"version-history":[{"count":21,"href":"https:\/\/sindominio.net\/etcetera\/wp-json\/wp\/v2\/pages\/16\/revisions"}],"predecessor-version":[{"id":542,"href":"https:\/\/sindominio.net\/etcetera\/wp-json\/wp\/v2\/pages\/16\/revisions\/542"}],"wp:attachment":[{"href":"https:\/\/sindominio.net\/etcetera\/wp-json\/wp\/v2\/media?parent=16"}],"curies":[{"name":"wp","href":"https:\/\/api.w.org\/{rel}","templated":true}]}}