{"id":25,"date":"2019-05-18T21:38:51","date_gmt":"2019-05-18T19:38:51","guid":{"rendered":"https:\/\/blogs.sindominio.net\/etcetera\/?page_id=25"},"modified":"2020-02-28T13:47:14","modified_gmt":"2020-02-28T12:47:14","slug":"revistas","status":"publish","type":"page","link":"https:\/\/sindominio.net\/etcetera\/revistas\/","title":{"rendered":"Revista (desde 1980)"},"content":{"rendered":"\n<p>Fruto de nuestros debates colectivos y de las aportaciones de compa\u00f1eros afines, se pretende profundizar en el conocimiento de nuestra realidad social, de los cambios habidos dentro del modo de producci\u00f3n y de vida capitalista y de las luchas aut\u00f3nomas, generando as\u00ed una correspondencia sobre las avatares de la lucha de clases.<\/p>\n\n\n\n<ul class=\"wp-block-list\"><li>59 (Junio 2019) <a href=\"https:\/\/sindominio.net\/etcetera\/files\/etc-59.pdf\">Etc\u00e9tera &#8211; Un itinerario colectivo<\/a><\/li><li>58 (Junio 2018) <a href=\"https:\/\/sindominio.net\/etcetera\/files\/etc-58.pdf\">El estado de excepci\u00f3n permanente<\/a><\/li><li>57 (Junio 2017) <a href=\"https:\/\/sindominio.net\/etcetera\/files\/etc-57.pdf\">La ciudad mercancia<\/a><\/li><li>56 (Diciembre2016) <a href=\"https:\/\/sindominio.net\/etcetera\/files\/etc-56.pdf\">Migraciones, refugiados..<\/a><\/li><li>55 (Febrero 2016) <a href=\"https:\/\/sindominio.net\/etcetera\/files\/etc-55.pdf\">T\u00e9cnica, control, destrucci\u00f3n<\/a><\/li><li>54 (Marzo 2015) <a href=\"https:\/\/sindominio.net\/etcetera\/files\/etc-54.pdf\">En el campo de lo posible<\/a><\/li><li>53 (Julio 2014) <a href=\"https:\/\/sindominio.net\/etcetera\/files\/etc-53.pdf\">Mientras tanto<\/a><\/li><li>52 (Noviembre 2013) <a href=\"https:\/\/sindominio.net\/etcetera\/files\/etc-52.pdf\">La ilusi\u00f3n del bienestar<\/a><\/li><li>51 (Marzo 2013) <a href=\"https:\/\/sindominio.net\/etcetera\/files\/etc-51.pdf\">Salir del capitalismo<\/a><\/li><li>50 (Julio 2012) <a href=\"https:\/\/sindominio.net\/etcetera\/files\/etc-50.pdf\">La vida que no cesa, Proseguir la cr\u00edtica, Guerra, t\u00e9cnica y capital<\/a><\/li><li>49 (Marzo 2012) <a href=\"https:\/\/sindominio.net\/etcetera\/files\/etc-49.pdf\">El estado del malestar en Espa\u00f1a<\/a>,<\/li><li>48 (Junio 2011) <a href=\"https:\/\/sindominio.net\/etcetera\/files\/etc-48.pdf\">Dias Rebeldes en el norte de \u00c1frica<\/a><\/li><li>47 (Diciembre 2010) <a href=\"https:\/\/sindominio.net\/etcetera\/files\/etc-47.pdf\"> El universo t\u00e9cnico y su exterior<\/a><\/li><li>46 (Enero 2010) <a href=\"https:\/\/sindominio.net\/etcetera\/files\/etc-46.pdf\">Lo real de la crisis<\/a><\/li><li>45 (Mayo 2009) <a href=\"https:\/\/sindominio.net\/etcetera\/files\/etc-45.pdf\">Consideraciones para analizar la llamada crisis financiera<\/a><\/li><li>44 (Octubre 2008) <a href=\"https:\/\/sindominio.net\/etcetera\/files\/etc-44.pdf\">El peso de la religi\u00f3n. La India<\/a><\/li><li>43 (Marzo 2008) <a href=\"https:\/\/sindominio.net\/etcetera\/files\/etc-43.pdf\">Comunalidad: un nuevo (con) vivir&#8230;<\/a><\/li><li>42 (junio 2007) <a href=\"https:\/\/sindominio.net\/etcetera\/files\/etc-42.pdf\">Medicina y su poder. M\u00e9xico&#8230;<\/a><\/li><li>41 (diciembre 2006) <a href=\"https:\/\/sindominio.net\/etcetera\/files\/etc-41.pdf\">Memoria hist\u00f3rica. M\u00e9xico. Di\u00e1logo sobre China&#8230;<\/a><\/li><li>40 (mayo 2006) <a href=\"https:\/\/sindominio.net\/etcetera\/files\/etc-40.pdf\">Acerca de la Historia. En esta \u00e9poca de guerra&#8230;<\/a><\/li><li>39 (mayo 2005) <a href=\"https:\/\/sindominio.net\/etcetera\/files\/etc-39.pdf\">De la diferencia biol\u00f3gica a la desigualdad social. En esta \u00e9poca de guerra&#8230;<\/a><\/li><li>38 (junio 2004) <a href=\"https:\/\/sindominio.net\/etcetera\/files\/etc-38.pdf\">El cerco a la vida. En esta \u00e9poca de guerra<\/a><\/li><li>37 (junio 2003) <a href=\"https:\/\/sindominio.net\/etcetera\/files\/etc-37.pdf\"> Barcelona la ciudad \u201cm\u00e1s grande\u201d del mundo. Nuevo ataque en esta \u00e9poca de guerra. La invasi\u00f3n de irak. Mayo 2003 en Francia&#8230;<\/a><\/li><li>36 (mayo 2002) <a href=\"https:\/\/sindominio.net\/etcetera\/files\/etc-36.pdf\">Las Movilizaciones antiglobalizaci\u00f3n. En esta \u00e9poca de guerra<\/a><\/li><li>35 (junio 2001) <a href=\"https:\/\/sindominio.net\/etcetera\/files\/etc-35.pdf\">La sociedad capitalista eminentemente urbana. algunas notas a prop\u00f3sito de la movilizaci\u00f3n de  los inmigrantes contra la ley que los criminaliza. Correspondencia (Paris, M\u00e9xico, Melbourne) <\/a><\/li><li>34 (junio 2000) <a href=\"https:\/\/sindominio.net\/etcetera\/files\/etc-34.pdf\">La llegada del otro. La globalizaci\u00f3n.<\/a><\/li><li>33 (junio 1999) <a href=\"https:\/\/sindominio.net\/etcetera\/files\/etc-33.pdf\">A prop\u00f3sito de los Balcanes. A vueltas con la cultura. La segunda transici\u00f3n de Euskal Herria. Portugal, 1999. Exiliados en Espa\u00f1a<\/a>.<\/li><li>32 (enero 99) <a href=\"https:\/\/sindominio.net\/etcetera\/files\/etc-32.pdf\">Objeto-sujeto-paro-tiempo-lenguaje. El horizonte fragmentado. El colectivo contra las expulsiones de Bruselas tiene la palabra. El tigre de papel y los dragones de plastico. <\/a><\/li><li>31 (junio 98) <a href=\"https:\/\/sindominio.net\/etcetera\/files\/etc-31.pdf\">Manifiesto Comunista 1948.1998. Correspondencia.<\/a><\/li><li>30 (diciembre 97) <a href=\"https:\/\/sindominio.net\/etcetera\/files\/etc-30.pdf\">La otra generaci\u00f3n del 98. Espa\u00f1a 1997 &#8211; La reforma Laboral. El arte de Kati Horna.<\/a><\/li><li>29 (mayo 97) <a href=\"https:\/\/sindominio.net\/etcetera\/files\/etc-29.pdf\">Cr\u00edtica de la pol\u00edtica, incitaci\u00f3n a un debate. La segunda oportunidad de los verdes alemanes. Mayo 37 &#8211; Mayo 97. Un incontrolado de la Columna de Hierro.<\/a><\/li><li>28 (diciembre 96) <a href=\"https:\/\/sindominio.net\/etcetera\/files\/etc-28.pdf\">Guerra nacionalista en el Pais Vasco. Lucha de clases en la Baja Andalucia (Prov. De C\u00e1diz)  1995-1996.<\/a><\/li><li>27 (julio 96) <a href=\"https:\/\/sindominio.net\/etcetera\/files\/etc-27.pdf\">La cr\u00edtica al trabajo hoy. &#8230;y salt\u00f3 la liebre (sobre el movimiento social en Francia el oto\u00f1o del 95) .<\/a><\/li><li>26 (noviembre 95) <a href=\"https:\/\/sindominio.net\/etcetera\/files\/etc-26.pdf\">Tiempos dificiles. Transici\u00f3n a la modernidad y transacci\u00f3n democr\u00e1tica (2) : \u00bfDe que transici\u00f3n hablamos? Portugal, abril 74. Comentarios y discusiones: Entre nosotros: alrededor del movimiento zapatista. El voluntariado que nos envuelbve. ONG\u2019s:solidaridad subvencionada<\/a>.<\/li><li>25 (abril 95) <a href=\"https:\/\/sindominio.net\/etcetera\/files\/etc-25.pdf\">Transici\u00f3n a la modernidad y transacci\u00f3n democr\u00e1tica: La leyenda de la Transici\u00f3n. Transici\u00f3n. Transici\u00f3n y Transacci\u00f3n. Algunas consideraciones sobre la v\u00eda espa\u00f1ola a la democracia. De los movimientos sociales a los \u201cprofesionales de lo social\u201d.<\/a><\/li><li>24 (noviembre 94) <a href=\"https:\/\/sindominio.net\/etcetera\/files\/etc-24.pdf\">La guerra de Argelia. Comunismo religioso y nacionalismo: el caso Argelino. Sobre Cuba. Los motivos de Chiapas. El problema nacional, problema capital para Yugoslavia. hemos perdido las razones, y con ello la raz\u00f3n<\/a><\/li><li>23 (mayo 94) <a href=\"https:\/\/sindominio.net\/etcetera\/files\/etc-23.pdf\">Reestructuraci\u00f3n en SEAT: Una reflexi\u00f3n sobre la condici\u00f3n obrera. Chiapas:la guerra de las hormigas. Argentina: de la transici\u00f3n Democr\u00e1tica a la crisis de la Confederaci\u00f3n general del Trabajo (C.G.T.)  y el Santiagazo. IBM &#8211; Desde las entra\u00f1as del monstruo. Huelga General: el agotamiento de una f\u00f3rmula. <\/a><\/li><li>22 (noviembre 93) <a href=\"https:\/\/sindominio.net\/etcetera\/files\/etc-22.pdf\">Rusia \u00bfa d\u00f3nde vas? Brasil: entre la liberalizaci\u00f3n econ\u00f3mica y el estado Corporativo. Distrito federal &#8211; Oaxaca &#8211; Distrito Federal. Noticias de Portugal. <\/a><\/li><li>21 (junio 93) <a href=\"https:\/\/sindominio.net\/etcetera\/files\/etc-21.pdf\">Diez a\u00f1os. Introducci\u00f3n de los nuevos cercados. Gran Breta\u00f1a: Una incesante lucha de clases multiforme. El movimiento negro y Malcom X<\/a><\/li><li>20 (diciembre 92) <a href=\"https:\/\/sindominio.net\/etcetera\/files\/etc-20.pdf\">Barbarie. Nacionalismo en Yugoslavia. Antecedentes y problemas actuales. Manual de supervivencia en tiempos de paz croata. Ante Ciliga. Autobiografia.<\/a><\/li><li>19 (febrero 92) <a href=\"https:\/\/sindominio.net\/etcetera\/files\/etc-19.pdf\">El estado de gracia de la democracia. Los ataques de ira en los suburbios franceses. Asturias en la hora del r\u00e9quiem. Mensaje a todos aquellos que no quieren administrar la nocividad sino suprimirla. <\/a><\/li><li>18 (junio 1991) <a href=\"https:\/\/sindominio.net\/etcetera\/files\/etc-18.pdf\">Los superhombres y los cocodrilos. Cuando los cruzados y asesinos se unen. \u00a1Cuidado!. Una guerra est\u00e1 tapando otra. La luchas en francia durante 1990. Fordismo disperso y nueva organizaci\u00f3n del trabajo: \u00bfhacia un nuevo tipo de luchas?<\/a><\/li><li>17 (enero 91) <a href=\"https:\/\/sindominio.net\/etcetera\/files\/etc-17.pdf\">La crisis y el Golfo. Los a\u00f1os declives de los EEUU. La batalla del Bes\u00f3s, un barrio perif\u00e9rico de Barcelona. <\/a><\/li><li>16 (julio 90) <a href=\"https:\/\/sindominio.net\/etcetera\/files\/etc-16.pdf\">Contra la democracia. Reflexiones sobre el pasado y el presente. De Lenin-Robespierre a Gorbachov-Napole\u00f3n. Luchas en Madrid y Barcelona. Gran Breta\u00f1a-Poll Tax.<\/a><\/li><li>15 (marzo 90) <a href=\"https:\/\/sindominio.net\/etcetera\/files\/etc-15.pdf\">Bajo el viento del Este. Dificultades sociales en la perestroika. La gran jugada de Gorbachov. Aspectos sobre los cambios en los paises del Este. Acerca de los cambios en la RDA.<\/a><\/li><li>14 (diciembre 89) <a href=\"https:\/\/sindominio.net\/etcetera\/files\/etc-14.pdf\">Tiananmen, la represi\u00f3n calculada. Correspondencia&#8230; Hemos recibido&#8230;<\/a><\/li><li>13 (mayo 89) <a href=\"https:\/\/sindominio.net\/etcetera\/files\/etc-13.pdf\">Nicaragua, diez a\u00f1os despu\u00e9s. La democracia en peligro ante el islamismo. Huelga de hambre en las c\u00e1rceles alemanas. En vez de la conciencia lo que se impone es el poder de las nuevas costrumbres. Le\u00f1a al mono. La barbarie, lepra de la civilizaci\u00f3n. la prensa anarquista y anarcosindicalsita.<\/a><\/li><li>12 (octubre 88) <a href=\"https:\/\/sindominio.net\/etcetera\/files\/etc-12.pdf\">Sobre la ideolog\u00eda en boga. La actividad humana alienada por la divisi\u00f3n del trabajo. Perfiles de la propuesta antinuclear en el bajo Duero. Gran Breta\u00f1a: las huelgas en la industria del autom\u00f3vil. No 92.<\/a><\/li><li>11 (mayo 87) <a href=\"https:\/\/sindominio.net\/etcetera\/files\/etc-11.pdf\"> Movimiento estudiantil. Conflictividad y sindicatos. En torno a la revoluci\u00f3n en cuesti\u00f3n(ES) . Clara Thalmann (Mayo 37)  Correspondencia: desde francia: La huelga de los ferroviarios.<\/a><\/li><li>10 (diciembre 86) <a href=\"https:\/\/sindominio.net\/etcetera\/files\/etc-10.pdf\">Lucha en los puertos. 1936-39 la memoria usurpada. El oficio de periodista. Correspondencia: Sugerencia para un debate (2) <\/a><\/li><li>9 (junio 86) <a href=\"https:\/\/sindominio.net\/etcetera\/files\/etc-9.pdf\">La revoluci\u00f3n en cuesti\u00f3n (ES) . Francia: Crisis e inmigraci\u00f3n, racismo y resistencia. De nuevo el realismo. Correspondencia&#8230; Hemos recibido&#8230;.<\/a><\/li><li>8 (febrero 86) <a href=\"https:\/\/sindominio.net\/etcetera\/files\/etc-8.pdf\"> Nacionalismop. Violencia en Alemania. Los mineros Brit\u00e1nicos y la nueva tecnolog\u00eda. La reconversi\u00f3n agraria en Andaluc\u00eda y el S.O.C. <\/a><\/li><li>7 (julio 85) <a href=\"https:\/\/sindominio.net\/etcetera\/files\/etc-7.pdf\">DOSSIER UTOPIA: La dimensi\u00f3n ut\u00f3pica. Una cr\u00f3nica de la realidad. Reflexi\u00f3n sobre literatura utopista. Garantias de la armon\u00eda y de la libertad. Comunismo. Correspondencia&#8230;<\/a><\/li><li>6 (abril 85) <a href=\"https:\/\/sindominio.net\/etcetera\/files\/etc-6.pdf\">Sector naval. Mineros brit\u00e1nicos.<\/a><\/li><li>5 (febrero 85) <a href=\"https:\/\/sindominio.net\/etcetera\/files\/etc-5.pdf\">Tecnologia y sociedad. Ciencia, t\u00e9cnica y tecnologia. Tecnolog\u00eda, producci\u00f3n de valor y reproducci\u00f3n social. Sabotaje: el videojuego final. Contra la megam\u00e1quina. La econom\u00eda de la \u201ccybernation\u201d. Efectos psico-socil\u00f3gicos de la innovaci\u00f3n tecnol\u00f3gica. Tecnolog\u00eda y paro.<\/a><\/li><li>4 (noviembre 84) <a href=\"https:\/\/sindominio.net\/etcetera\/files\/etc-4.pdf\">Sobre la crisis II. Gran Breta\u00f1a &#8211; La huelga de los mineros. Presencia y realidad de la crisis. Lucha de clases en Italia. Conflicto en Talbot-Francia.<\/a><\/li><li>3 (julio 84) <a href=\"https:\/\/sindominio.net\/etcetera\/files\/etc-3.pdf\"> Sobre la crisis I. La reconversi\u00f3n industrial en Espa\u00f1a. Sagunto. Inglaterra, de nuevo la lucha de clases.<\/a><\/li><li>2 (junio 84) <a href=\"https:\/\/sindominio.net\/etcetera\/files\/etc-2.pdf\"> Paul Mattick. El marxismo ayer y hoy . La crisis mundial y el movimiento obrero. Acumulaci\u00f3n de capital y teor\u00eda marxiana de la crisis.<\/a><\/li><li>1 (enero 84) <a href=\"https:\/\/sindominio.net\/etcetera\/files\/etc-1.pdf\">En el Paraiso Socialista Espa\u00f1ol. Sobre la situaci\u00f3n de Espa\u00f1a. Estrategias de las multinacionales para rechazar la situaci\u00f3n de crisis. Estado actual de la tecnolog\u00eda y organizaci\u00f3n social. El monopolio mundial postcapitalista. Algunas consideraciones sobre el estadio actual del desarrollo capitalista y las nuevas tecnolog\u00edas.Un marxismo maldito. Cada hay mas extranjeros en el mundo. \u201cElementos fundamentales para la cr\u00edtica de la econom\u00eda pol\u00edtica\u201d. Para una uni\u00f3n mundial de las tendencias revolucionarias. Como un verano con mil julios&#8230; y otras estaciones&#8230;<\/a><\/li><li>0 (septiembre 83) <a href=\"https:\/\/sindominio.net\/etcetera\/files\/etc-0.pdf\">Marx y el comunismo. Sobre la situaci\u00f3n en Brasil. Ocupaci\u00f3n y propiedad privada. Hacia la comunidad humana. La guerra y la paz contra el proletariado (guerra Iran-Irak). Italia . Notas sobre la crisis<\/a><\/li><\/ul>\n","protected":false},"excerpt":{"rendered":"<p>Fruto de nuestros debates colectivos y de las aportaciones de compa\u00f1eros afines, se pretende profundizar en el conocimiento de nuestra realidad social, de los cambios habidos dentro del modo de producci\u00f3n y de vida capitalista y de las luchas aut\u00f3nomas, generando as\u00ed una correspondencia sobre las avatares de la lucha de clases. 59 (Junio 2019) &#8230; <a title=\"Revista (desde 1980)\" class=\"read-more\" href=\"https:\/\/sindominio.net\/etcetera\/revistas\/\" aria-label=\"Leer m\u00e1s sobre Revista (desde 1980)\">Leer m\u00e1s<\/a><\/p>\n","protected":false},"author":173,"featured_media":0,"parent":0,"menu_order":0,"comment_status":"closed","ping_status":"closed","template":"","meta":{"footnotes":""},"class_list":["post-25","page","type-page","status-publish"],"_links":{"self":[{"href":"https:\/\/sindominio.net\/etcetera\/wp-json\/wp\/v2\/pages\/25","targetHints":{"allow":["GET"]}}],"collection":[{"href":"https:\/\/sindominio.net\/etcetera\/wp-json\/wp\/v2\/pages"}],"about":[{"href":"https:\/\/sindominio.net\/etcetera\/wp-json\/wp\/v2\/types\/page"}],"author":[{"embeddable":true,"href":"https:\/\/sindominio.net\/etcetera\/wp-json\/wp\/v2\/users\/173"}],"replies":[{"embeddable":true,"href":"https:\/\/sindominio.net\/etcetera\/wp-json\/wp\/v2\/comments?post=25"}],"version-history":[{"count":17,"href":"https:\/\/sindominio.net\/etcetera\/wp-json\/wp\/v2\/pages\/25\/revisions"}],"predecessor-version":[{"id":400,"href":"https:\/\/sindominio.net\/etcetera\/wp-json\/wp\/v2\/pages\/25\/revisions\/400"}],"wp:attachment":[{"href":"https:\/\/sindominio.net\/etcetera\/wp-json\/wp\/v2\/media?parent=25"}],"curies":[{"name":"wp","href":"https:\/\/api.w.org\/{rel}","templated":true}]}}