{"id":6,"date":"2019-05-18T21:30:47","date_gmt":"2019-05-18T19:30:47","guid":{"rendered":"https:\/\/blogs.sindominio.net\/etcetera\/?page_id=6"},"modified":"2020-03-29T01:04:56","modified_gmt":"2020-03-29T00:04:56","slug":"quienes-somos","status":"publish","type":"page","link":"https:\/\/sindominio.net\/etcetera\/quienes-somos\/","title":{"rendered":"Quienes somos"},"content":{"rendered":"\n<p>La trayectoria del Colectivo Etc\u00e9tera se inicia en la segunda mitad de los a\u00f1os 1970, cuando un grupo de compa\u00f1eros y compa\u00f1eras activos en las luchas aut\u00f3nomas de finales del franquismo decide constituirse como grupo de afinidad, lugar de encuentro y de debate, edici\u00f3n de libros, y de la revista <em>Etc\u00e9tera, correspondencia de la guerra social<\/em>. En junio del 2019 realizamos el \u00faltimo n\u00famero de la revista en papel, para continuar, ahora, en forma digital. En la p\u00e1gina web que os presentamos podr\u00e9is encontrar los n\u00fameros de la revista as\u00ed como los libros editados y la correspondencia que nos llega.<\/p>\n\n\n\n<p>Esperamos vuestros comentarios y aportaciones a nuestro correo:<\/p>\n\n\n\n<p>e-mail: etcetera@sindominio.net<\/p>\n\n\n\n<p>web:&nbsp; <a href=\"https:\/\/sindominio.net\/etcetera\">sindominio.net\/etcetera<\/a><\/p>\n","protected":false},"excerpt":{"rendered":"<p>La trayectoria del Colectivo Etc\u00e9tera se inicia en la segunda mitad de los a\u00f1os 1970, cuando un grupo de compa\u00f1eros y compa\u00f1eras activos en las luchas aut\u00f3nomas de finales del franquismo decide constituirse como grupo de afinidad, lugar de encuentro y de debate, edici\u00f3n de libros, y de la revista Etc\u00e9tera, correspondencia de la guerra &#8230; <a title=\"Quienes somos\" class=\"read-more\" href=\"https:\/\/sindominio.net\/etcetera\/quienes-somos\/\" aria-label=\"Leer m\u00e1s sobre Quienes somos\">Leer m\u00e1s<\/a><\/p>\n","protected":false},"author":173,"featured_media":0,"parent":0,"menu_order":0,"comment_status":"closed","ping_status":"closed","template":"","meta":{"footnotes":""},"class_list":["post-6","page","type-page","status-publish"],"_links":{"self":[{"href":"https:\/\/sindominio.net\/etcetera\/wp-json\/wp\/v2\/pages\/6","targetHints":{"allow":["GET"]}}],"collection":[{"href":"https:\/\/sindominio.net\/etcetera\/wp-json\/wp\/v2\/pages"}],"about":[{"href":"https:\/\/sindominio.net\/etcetera\/wp-json\/wp\/v2\/types\/page"}],"author":[{"embeddable":true,"href":"https:\/\/sindominio.net\/etcetera\/wp-json\/wp\/v2\/users\/173"}],"replies":[{"embeddable":true,"href":"https:\/\/sindominio.net\/etcetera\/wp-json\/wp\/v2\/comments?post=6"}],"version-history":[{"count":7,"href":"https:\/\/sindominio.net\/etcetera\/wp-json\/wp\/v2\/pages\/6\/revisions"}],"predecessor-version":[{"id":510,"href":"https:\/\/sindominio.net\/etcetera\/wp-json\/wp\/v2\/pages\/6\/revisions\/510"}],"wp:attachment":[{"href":"https:\/\/sindominio.net\/etcetera\/wp-json\/wp\/v2\/media?parent=6"}],"curies":[{"name":"wp","href":"https:\/\/api.w.org\/{rel}","templated":true}]}}